{"id":205,"date":"2016-09-26T09:41:20","date_gmt":"2016-09-26T09:41:20","guid":{"rendered":"https:\/\/www.cssigniter.com\/preview\/oxium\/?page_id=9"},"modified":"2025-10-26T09:02:53","modified_gmt":"2025-10-26T09:02:53","slug":"about","status":"publish","type":"page","link":"http:\/\/feilebheagfiliochta.com\/index.php\/about\/","title":{"rendered":"F\u00fainn"},"content":{"rendered":"<p>F\u00e9ile bhliant\u00fail \u00ed an Fh\u00e9ile Bheag Fil\u00edochta at\u00e1 \u00e1 re\u00e1cht\u00e1il i mBaile an Fheirt\u00e9araigh i dt\u00fas an Gheimhridh \u00f3 2007 ar aghaidh.<\/p>\n<p>Is iad spriocanna na f\u00e9ile n\u00e1:<\/p>\n<ul>\n<li>Traidisi\u00fain litr\u00edochta Ghaeilge Chorca Dhuibhne a threisi\u00fa i gcomhth\u00e9acs na nuafhil\u00edochta.<\/li>\n<li>D\u00fail san fhil\u00edocht a spreagadh i measc phobal na h\u00e1ite agus iad a mhealladh chun p\u00e1irt a ghlacadh san fh\u00e9ile.<\/li>\n<li>Nascanna agus cairdeas a choth\u00fa idir lucht fil\u00edochta Chorca Dhuibhne agus fil\u00ed \u00f3 cheantracha eile, agus idir fil\u00ed na Gaeilge agus an Bh\u00e9arla.<\/li>\n<li>Meas agus tuiscint ar fhil\u00edocht na Gaeilge agus ar chult\u00far na Gaeltachta a choth\u00fa i measc fil\u00ed B\u00e9arla as codanna \u00e9ags\u00fala na t\u00edre.<\/li>\n<\/ul>\n<p id=\"english\">The F\u00e9ile Bheag Fil\u00edochta (little poetry festival) has been organised annually at the beginning of winter in Ballyferriter since 2007.<\/p>\n<p id=\"english\">The Festival aims to strengthen the literary tradition of West Kerry in the context of modern poetry, to encourage the local population to enjoy poetry, and to establish and foster links between West Kerry poets and writers from elsewhere, and between poets writing in English and those writing in Irish.<\/p>\n<h3>Coiste na F\u00e9ile<\/h3>\n<p><strong>Cathaoirleach<\/strong><br \/>Justin Mac C\u00e1rthaigh<\/p>\n<p><strong>R\u00fana\u00ed<\/strong> <br \/>Caitr\u00edona N\u00ed Chathail<\/p>\n<p><strong>Baill<\/strong><br \/>M\u00edche\u00e1l \u00d3 hUanach\u00e1in, John Prendergast,\u00a0 Orla N\u00ed Sh\u00edthigh<\/p>\n\n\n<figure class=\"wp-block-gallery has-nested-images columns-default is-cropped wp-block-gallery-1 is-layout-flex wp-block-gallery-is-layout-flex\">\n<figure class=\"wp-block-image\"><img loading=\"lazy\" decoding=\"async\" width=\"3456\" height=\"2304\" data-id=\"249\" src=\"http:\/\/feilebheagfiliochta.com\/draft\/wp-content\/uploads\/2018\/09\/IMG_6396.jpg\" alt=\"\" class=\"wp-image-249\" srcset=\"http:\/\/feilebheagfiliochta.com\/draft\/wp-content\/uploads\/2018\/09\/IMG_6396.jpg 3456w, http:\/\/feilebheagfiliochta.com\/draft\/wp-content\/uploads\/2018\/09\/IMG_6396-300x200.jpg 300w, http:\/\/feilebheagfiliochta.com\/draft\/wp-content\/uploads\/2018\/09\/IMG_6396-768x512.jpg 768w, http:\/\/feilebheagfiliochta.com\/draft\/wp-content\/uploads\/2018\/09\/IMG_6396-1024x683.jpg 1024w, http:\/\/feilebheagfiliochta.com\/draft\/wp-content\/uploads\/2018\/09\/IMG_6396-546x364.jpg 546w\" sizes=\"auto, (max-width: 3456px) 100vw, 3456px\" \/><figcaption class=\"wp-element-caption\">Justin Mac C\u00e1rthaigh<\/figcaption><\/figure>\n\n\n\n<figure class=\"wp-block-image size-full\"><img loading=\"lazy\" decoding=\"async\" width=\"512\" height=\"512\" data-id=\"8\" src=\"http:\/\/feilebheagfiliochta.com\/draft\/wp-content\/uploads\/2018\/08\/logo.png\" alt=\"logo\" class=\"wp-image-8\" srcset=\"http:\/\/feilebheagfiliochta.com\/draft\/wp-content\/uploads\/2018\/08\/logo.png 512w, http:\/\/feilebheagfiliochta.com\/draft\/wp-content\/uploads\/2018\/08\/logo-150x150.png 150w, http:\/\/feilebheagfiliochta.com\/draft\/wp-content\/uploads\/2018\/08\/logo-300x300.png 300w, http:\/\/feilebheagfiliochta.com\/draft\/wp-content\/uploads\/2018\/08\/logo-100x100.png 100w\" sizes=\"auto, (max-width: 512px) 100vw, 512px\" \/><figcaption class=\"wp-element-caption\">Caitr\u00edona N\u00ed Chathail<\/figcaption><\/figure>\n\n\n\n<figure class=\"wp-block-image\"><img loading=\"lazy\" decoding=\"async\" width=\"3456\" height=\"2304\" data-id=\"250\" src=\"http:\/\/feilebheagfiliochta.com\/draft\/wp-content\/uploads\/2018\/09\/IMG_6604.jpg\" alt=\"\" class=\"wp-image-250\" srcset=\"http:\/\/feilebheagfiliochta.com\/draft\/wp-content\/uploads\/2018\/09\/IMG_6604.jpg 3456w, http:\/\/feilebheagfiliochta.com\/draft\/wp-content\/uploads\/2018\/09\/IMG_6604-300x200.jpg 300w, http:\/\/feilebheagfiliochta.com\/draft\/wp-content\/uploads\/2018\/09\/IMG_6604-768x512.jpg 768w, http:\/\/feilebheagfiliochta.com\/draft\/wp-content\/uploads\/2018\/09\/IMG_6604-1024x683.jpg 1024w, http:\/\/feilebheagfiliochta.com\/draft\/wp-content\/uploads\/2018\/09\/IMG_6604-546x364.jpg 546w\" sizes=\"auto, (max-width: 3456px) 100vw, 3456px\" \/><figcaption class=\"wp-element-caption\">Miche\u00e1l \u00d3 hUanach\u00e1in<\/figcaption><\/figure>\n\n\n\n<figure class=\"wp-block-image size-full\"><img loading=\"lazy\" decoding=\"async\" width=\"512\" height=\"512\" data-id=\"8\" src=\"http:\/\/feilebheagfiliochta.com\/draft\/wp-content\/uploads\/2018\/08\/logo.png\" alt=\"logo\" class=\"wp-image-8\" srcset=\"http:\/\/feilebheagfiliochta.com\/draft\/wp-content\/uploads\/2018\/08\/logo.png 512w, http:\/\/feilebheagfiliochta.com\/draft\/wp-content\/uploads\/2018\/08\/logo-150x150.png 150w, http:\/\/feilebheagfiliochta.com\/draft\/wp-content\/uploads\/2018\/08\/logo-300x300.png 300w, http:\/\/feilebheagfiliochta.com\/draft\/wp-content\/uploads\/2018\/08\/logo-100x100.png 100w\" sizes=\"auto, (max-width: 512px) 100vw, 512px\" \/><figcaption class=\"wp-element-caption\">Orla N\u00ed Sh\u00edthigh<\/figcaption><\/figure>\n\n\n\n<figure class=\"wp-block-image\"><img loading=\"lazy\" decoding=\"async\" width=\"220\" height=\"297\" data-id=\"955\" src=\"http:\/\/feilebheagfiliochta.com\/draft\/wp-content\/uploads\/2022\/10\/john-prendergast.jpg\" alt=\"\" class=\"wp-image-955\"\/><figcaption class=\"wp-element-caption\">John Prendergast<\/figcaption><\/figure>\n\n\n\n<figure class=\"wp-block-image size-large\"><a href=\"http:\/\/feilebheagfiliochta.com\/draft\/wp-content\/uploads\/2018\/08\/cropped-logo.png\" data-lightbox=\"gal[205]\"><img loading=\"lazy\" decoding=\"async\" width=\"512\" height=\"512\" data-id=\"10\" src=\"http:\/\/feilebheagfiliochta.com\/draft\/wp-content\/uploads\/2018\/08\/cropped-logo.png\" alt=\"Feile Bheag filiochta\" class=\"wp-image-10\" srcset=\"http:\/\/feilebheagfiliochta.com\/draft\/wp-content\/uploads\/2018\/08\/cropped-logo.png 512w, http:\/\/feilebheagfiliochta.com\/draft\/wp-content\/uploads\/2018\/08\/cropped-logo-150x150.png 150w, http:\/\/feilebheagfiliochta.com\/draft\/wp-content\/uploads\/2018\/08\/cropped-logo-300x300.png 300w, http:\/\/feilebheagfiliochta.com\/draft\/wp-content\/uploads\/2018\/08\/cropped-logo-100x100.png 100w, http:\/\/feilebheagfiliochta.com\/draft\/wp-content\/uploads\/2018\/08\/cropped-logo-270x270.png 270w, http:\/\/feilebheagfiliochta.com\/draft\/wp-content\/uploads\/2018\/08\/cropped-logo-192x192.png 192w, http:\/\/feilebheagfiliochta.com\/draft\/wp-content\/uploads\/2018\/08\/cropped-logo-180x180.png 180w, http:\/\/feilebheagfiliochta.com\/draft\/wp-content\/uploads\/2018\/08\/cropped-logo-32x32.png 32w\" sizes=\"auto, (max-width: 512px) 100vw, 512px\" \/><\/a><figcaption class=\"wp-element-caption\">Orla N\u00ed Sh\u00edthigh<\/figcaption><\/figure>\n<\/figure>\n\n\n\n<p><\/p>\n","protected":false},"excerpt":{"rendered":"<p>F\u00e9ile bhliant\u00fail \u00ed an Fh\u00e9ile Bheag Fil\u00edochta at\u00e1 \u00e1 re\u00e1cht\u00e1il i mBaile an Fheirt\u00e9araigh i dt\u00fas an Gheimhridh \u00f3 2007 ar aghaidh. Is iad spriocanna na f\u00e9ile n\u00e1: Traidisi\u00fain litr\u00edochta Ghaeilge Chorca Dhuibhne a threisi\u00fa i gcomhth\u00e9acs na nuafhil\u00edochta. D\u00fail san fhil\u00edocht a spreagadh i measc phobal na h\u00e1ite agus iad a mhealladh chun p\u00e1irt a ghlacadh san fh\u00e9ile. Nascanna agus cairdeas a choth\u00fa idir lucht fil\u00edochta Chorca Dhuibhne agus fil\u00ed \u00f3 cheantracha eile, agus idir fil\u00ed na Gaeilge agus an Bh\u00e9arla. Meas agus tuiscint ar fhil\u00edocht na Gaeilge agus ar chult\u00far na Gaeltachta a choth\u00fa i measc fil\u00ed B\u00e9arla [&hellip;]<\/p>\n","protected":false},"author":1,"featured_media":0,"parent":0,"menu_order":0,"comment_status":"closed","ping_status":"closed","template":"","meta":{"footnotes":""},"class_list":["post-205","page","type-page","status-publish","hentry"],"_links":{"self":[{"href":"http:\/\/feilebheagfiliochta.com\/index.php\/wp-json\/wp\/v2\/pages\/205","targetHints":{"allow":["GET"]}}],"collection":[{"href":"http:\/\/feilebheagfiliochta.com\/index.php\/wp-json\/wp\/v2\/pages"}],"about":[{"href":"http:\/\/feilebheagfiliochta.com\/index.php\/wp-json\/wp\/v2\/types\/page"}],"author":[{"embeddable":true,"href":"http:\/\/feilebheagfiliochta.com\/index.php\/wp-json\/wp\/v2\/users\/1"}],"replies":[{"embeddable":true,"href":"http:\/\/feilebheagfiliochta.com\/index.php\/wp-json\/wp\/v2\/comments?post=205"}],"version-history":[{"count":9,"href":"http:\/\/feilebheagfiliochta.com\/index.php\/wp-json\/wp\/v2\/pages\/205\/revisions"}],"predecessor-version":[{"id":1105,"href":"http:\/\/feilebheagfiliochta.com\/index.php\/wp-json\/wp\/v2\/pages\/205\/revisions\/1105"}],"wp:attachment":[{"href":"http:\/\/feilebheagfiliochta.com\/index.php\/wp-json\/wp\/v2\/media?parent=205"}],"curies":[{"name":"wp","href":"https:\/\/api.w.org\/{rel}","templated":true}]}}