{"id":208,"date":"2016-09-26T09:43:11","date_gmt":"2016-09-26T09:43:11","guid":{"rendered":"https:\/\/www.cssigniter.com\/preview\/oxium\/?page_id=15"},"modified":"2022-10-20T14:01:12","modified_gmt":"2022-10-20T14:01:12","slug":"releases-3-columns","status":"publish","type":"page","link":"http:\/\/feilebheagfiliochta.com\/index.php\/releases-3-columns\/","title":{"rendered":"Cl\u00e1r 2022"},"content":{"rendered":"\n<figure class=\"wp-block-image size-large\"><a href=\"http:\/\/feilebheagfiliochta.com\/draft\/wp-content\/uploads\/2022\/10\/Fo\u0301gra-FBF_CDBEO-2022_01.jpg\" data-lightbox=\"gal[208]\"><img loading=\"lazy\" decoding=\"async\" width=\"724\" height=\"1024\" src=\"http:\/\/feilebheagfiliochta.com\/draft\/wp-content\/uploads\/2022\/10\/Fo\u0301gra-FBF_CDBEO-2022_01-724x1024.jpg\" alt=\"\" class=\"wp-image-914\" srcset=\"http:\/\/feilebheagfiliochta.com\/draft\/wp-content\/uploads\/2022\/10\/Fo\u0301gra-FBF_CDBEO-2022_01-724x1024.jpg 724w, http:\/\/feilebheagfiliochta.com\/draft\/wp-content\/uploads\/2022\/10\/Fo\u0301gra-FBF_CDBEO-2022_01-212x300.jpg 212w, http:\/\/feilebheagfiliochta.com\/draft\/wp-content\/uploads\/2022\/10\/Fo\u0301gra-FBF_CDBEO-2022_01-768x1086.jpg 768w, http:\/\/feilebheagfiliochta.com\/draft\/wp-content\/uploads\/2022\/10\/Fo\u0301gra-FBF_CDBEO-2022_01-1086x1536.jpg 1086w, http:\/\/feilebheagfiliochta.com\/draft\/wp-content\/uploads\/2022\/10\/Fo\u0301gra-FBF_CDBEO-2022_01-546x772.jpg 546w, http:\/\/feilebheagfiliochta.com\/draft\/wp-content\/uploads\/2022\/10\/Fo\u0301gra-FBF_CDBEO-2022_01.jpg 1414w\" sizes=\"auto, (max-width: 724px) 100vw, 724px\" \/><\/a><\/figure>\n\n\n\n<p><strong>An Fh\u00e9ile Bheag Fil\u00edochta 2022<\/strong><\/p>\n\n\n\n<p><strong>Eagr\u00e1n Ceili\u00fartha Mh\u00e1ire Mhac an tSaoi<\/strong><\/p>\n\n\n\n<p><strong><em>D\u00e9 hAoine, 11 Samhain 2022<\/em><\/strong><\/p>\n\n\n\n<p>\u00c1ras Bhr\u00e9anainn, Baile an Fheirt\u00e9araigh<\/p>\n\n\n\n<p>17.00 Seoladh suite\u00e1l Scann\u00e1in \u201c\u00c1ine; M\u00e1ire; R\u00edonach\u201d le Siobh\u00e1n N\u00ed Dhuinn\u00edn<\/p>\n\n\n\n<p>Saor<\/p>\n\n\n\n<p>Is l\u00e9iri\u00fa \u00e9 seo do thr\u00ed ghearrscann\u00e1n ina bhfuil p\u00e1irt ag M\u00e1ire N\u00ed Ch\u00e9illeachair, \u00c1ine Moynihan, agus R\u00edonach N\u00ed N\u00e9il. Tugann na scann\u00e1in seo l\u00e9argas d\u00fainn ar thri\u00fair bhan. D\u00edr\u00edonn siad ar an dt\u00e1bhacht a bhaineann le h\u00e1iteanna faoi leith, a roghnaigh na heala\u00edont\u00f3ir\u00ed f\u00e9in. Tugann na gluaiseachta\u00ed leochaileacha at\u00e1 fite fuaite ina ch\u00e9ile, stracfh\u00e9achaint d\u00fainn ar an gceird ar leith at\u00e1 ag an tri\u00far eala\u00edont\u00f3ir.<em><\/em><\/p>\n\n\n\n<p>An M\u00fasaem, Baile an Fheirt\u00e9araigh<\/p>\n\n\n\n<p>19.00<\/p>\n\n\n\n<p>Oscailt Oifigi\u00fail na F\u00e9ile le M\u00e1ire N\u00ed Iarlaithe<\/p>\n\n\n\n<p>Fear an T\u00ed: Simon \u00d3 Faol\u00e1in<\/p>\n\n\n\n<p>Ceol le Feargal Mac Amhlaoibh<\/p>\n\n\n\n<p>Saor<\/p>\n\n\n\n<p>19.30<\/p>\n\n\n\n<p>Seoladh Leabhair: \u201c<em>Lig don nGiorria Su\u00ed \/ Let the Hare Sit: Rogha D\u00e1nta \/ Selected Poems\u201d, <\/em>D\u00e1nta Cheait\u00ed N\u00ed Bheildi\u00fain maille le haistri\u00fach\u00e1in le Paddy Bushe<\/p>\n\n\n\n<p>Saor<\/p>\n\n\n\n<p>20.00<\/p>\n\n\n\n<p>L\u00e9acht na F\u00e9ile: &#8220;M\u00e1ire Mhac an tSaoi, file: Athbhreithni\u00fa ar a Saothar&#8221;, an Dr Patricia Coughlan, Ollamh Emerita, Cola\u00edste Ollscoile Chorca\u00ed<\/p>\n\n\n\n<p>Saor<\/p>\n\n\n\n<p>Tigh Bhric, An Riasc, Baile an Fheirt\u00e9araigh<\/p>\n\n\n\n<p>21.30<\/p>\n\n\n\n<p>O\u00edche Bhoth\u00e1nta\u00edochta \u2013 ceol, amhr\u00e1in agus fil\u00edocht<\/p>\n\n\n\n<p>Aoi-Cheolt\u00f3ir: Eoin Duignan<\/p>\n\n\n\n<p>Fear an T\u00ed: Noelie \u00d3 Maoileoin<\/p>\n\n\n\n<p>Saor<\/p>\n\n\n\n<p><strong><em>D\u00e9 Sathairn, 12 Samhain 2022<\/em><\/strong><\/p>\n\n\n\n<p>\u00c1ras Bhr\u00e9anainn, Baile an Fheirt\u00e9araigh<\/p>\n\n\n\n<p>1. Ceardlann Fil\u00edochta (as Gaeilge)<\/p>\n\n\n\n<p>&nbsp;&nbsp;&nbsp;&nbsp;&nbsp;&nbsp;&nbsp;&nbsp;&nbsp;&nbsp;&nbsp; Ailbhe N\u00ed Ghearbhuigh<\/p>\n\n\n\n<p>Ag tosn\u00fa 10.00<\/p>\n\n\n\n<p>\u20ac25<\/p>\n\n\n\n<p>2. Ceardlann Fil\u00edochta (as B\u00e9arla)<\/p>\n\n\n\n<p>&nbsp;&nbsp;&nbsp;&nbsp;&nbsp;&nbsp;&nbsp;&nbsp;&nbsp;&nbsp;&nbsp; Billy Ramsell<\/p>\n\n\n\n<p>Ag tosn\u00fa 10.00<\/p>\n\n\n\n<p>\u20ac25<\/p>\n\n\n\n<p>\u00c1ras Bhr\u00e9anainn, Baile an Fheirt\u00e9araigh<\/p>\n\n\n\n<p>15.00<\/p>\n\n\n\n<p>Seimine\u00e1r: M\u00e1ire Mhac an tSaoi \u2013 Saol is Fil\u00edocht<\/p>\n\n\n\n<p>&nbsp;&nbsp;&nbsp;&nbsp;&nbsp;&nbsp;&nbsp;&nbsp;&nbsp;&nbsp;&nbsp; Rannph\u00e1irtithe: Louis de Paor, Br\u00edd N\u00ed Mh\u00f3r\u00e1in, M\u00e1ir\u00edn Nic Eoin<\/p>\n\n\n\n<p>Cathaoirleach: R\u00f3is\u00edn N\u00ed Ghairbh\u00ed<\/p>\n\n\n\n<p>Saor<em><\/em><\/p>\n\n\n\n<p><em>Cead cainte ag an lucht \u00e9isteachta<\/em><\/p>\n\n\n\n<p>\u00c1ras Bhr\u00e9anainn, Baile an Fheirt\u00e9araigh<\/p>\n\n\n\n<p>16.30<\/p>\n\n\n\n<p>Seoladh Iris Cheili\u00faradh an Bhlascaoid, <em>M\u00edche\u00e1l \u00d3 Gaoith\u00edn (1904-1974): <\/em><em>File, Eala\u00edont\u00f3ir is Fear Feasa<\/em><\/p>\n\n\n\n<p>\u00c1 sheoladh ag Mair\u00e9ad U\u00ed Dhomhnaill<\/p>\n\n\n\n<p>Tigh U\u00ed Mhurch\u00fa, Baile an Fheirt\u00e9araigh<\/p>\n\n\n\n<p>18.00<\/p>\n\n\n\n<p>B\u00e9ile le ch\u00e9ile<\/p>\n\n\n\n<p>\u00c1ras Bhr\u00e9anainn, Baile an Fheirt\u00e9araigh<\/p>\n\n\n\n<p>19.30 L\u00e9amh Fil\u00edochta na nA\u00edonna:<\/p>\n\n\n\n<p>&nbsp;&nbsp;&nbsp;&nbsp;&nbsp;&nbsp;&nbsp;&nbsp;&nbsp;&nbsp;&nbsp; Ailbhe N\u00ed Ghearbhuigh &amp; Billy Ramsell<\/p>\n\n\n\n<p>20.00 Ceolchoirm na F\u00e9ile<\/p>\n\n\n\n<p>&nbsp;&nbsp;&nbsp;&nbsp;&nbsp;&nbsp;&nbsp;&nbsp;&nbsp;&nbsp;&nbsp; Inni-K agus a banna<\/p>\n\n\n\n<p>\u20ac20<\/p>\n\n\n\n<p>Tigh an tSaorsaigh, Baile an Fheirt\u00e9araigh<\/p>\n\n\n\n<p>22.00 Fil\u00edocht leis na ha\u00edonna agus \u2018Mic\u2019 Oscailte<\/p>\n\n\n\n<p>Bean an T\u00ed: Le socr\u00fa<\/p>\n\n\n\n<p>Saor<\/p>\n\n\n\n<p><strong><em>D\u00e9 Domhnaigh, 13 Samhain 2022<\/em><\/strong><\/p>\n\n\n\n<p>An Diseart, An Daingean<\/p>\n\n\n\n<p>10.30 Ceol le Niamh Varian Barry<\/p>\n\n\n\n<p>11.00 L\u00e9amh Oscailte le fil\u00ed \u00e1iti\u00fala, aoi-fhili agus \u00e9inne eile gur mhaith leo<\/p>\n\n\n\n<p>Fear an T\u00ed: Justin Mac C\u00e1rthaigh<\/p>\n\n\n\n<p>Saor<\/p>\n\n\n\n<p>\u00d3st\u00e1n Benner, An Daingean<\/p>\n\n\n\n<p>13.00<\/p>\n\n\n\n<p>L\u00f3n Clabhs\u00fair<\/p>\n\n\n\n<h2 class=\"wp-block-heading\">Cl\u00e1r 2021<\/h2>\n\n\n\n<figure class=\"wp-block-image size-large\"><a href=\"http:\/\/feilebheagfiliochta.com\/draft\/wp-content\/uploads\/2021\/10\/claropt.jpg\" data-lightbox=\"gal[208]\"><img loading=\"lazy\" decoding=\"async\" width=\"738\" height=\"1024\" src=\"http:\/\/feilebheagfiliochta.com\/draft\/wp-content\/uploads\/2021\/10\/claropt-738x1024.jpg\" alt=\"\" class=\"wp-image-866\" srcset=\"http:\/\/feilebheagfiliochta.com\/draft\/wp-content\/uploads\/2021\/10\/claropt-738x1024.jpg 738w, http:\/\/feilebheagfiliochta.com\/draft\/wp-content\/uploads\/2021\/10\/claropt-216x300.jpg 216w, http:\/\/feilebheagfiliochta.com\/draft\/wp-content\/uploads\/2021\/10\/claropt-768x1065.jpg 768w, http:\/\/feilebheagfiliochta.com\/draft\/wp-content\/uploads\/2021\/10\/claropt-1108x1536.jpg 1108w, http:\/\/feilebheagfiliochta.com\/draft\/wp-content\/uploads\/2021\/10\/claropt-1477x2048.jpg 1477w, http:\/\/feilebheagfiliochta.com\/draft\/wp-content\/uploads\/2021\/10\/claropt-546x757.jpg 546w, http:\/\/feilebheagfiliochta.com\/draft\/wp-content\/uploads\/2021\/10\/claropt.jpg 1500w\" sizes=\"auto, (max-width: 738px) 100vw, 738px\" \/><\/a><\/figure>\n\n\n\n<h2 class=\"wp-block-heading\">Ceolchoirm na F\u00e9ile\/Concert<\/h2>\n\n\n\n<figure class=\"wp-block-image size-large\"><a href=\"http:\/\/feilebheagfiliochta.com\/draft\/wp-content\/uploads\/2021\/10\/john-spillane-concert.jpg\" data-lightbox=\"gal[208]\"><img loading=\"lazy\" decoding=\"async\" width=\"730\" height=\"1024\" src=\"http:\/\/feilebheagfiliochta.com\/draft\/wp-content\/uploads\/2021\/10\/john-spillane-concert-730x1024.jpg\" alt=\"\" class=\"wp-image-845\" srcset=\"http:\/\/feilebheagfiliochta.com\/draft\/wp-content\/uploads\/2021\/10\/john-spillane-concert-730x1024.jpg 730w, http:\/\/feilebheagfiliochta.com\/draft\/wp-content\/uploads\/2021\/10\/john-spillane-concert-214x300.jpg 214w, http:\/\/feilebheagfiliochta.com\/draft\/wp-content\/uploads\/2021\/10\/john-spillane-concert-768x1078.jpg 768w, http:\/\/feilebheagfiliochta.com\/draft\/wp-content\/uploads\/2021\/10\/john-spillane-concert-546x766.jpg 546w, http:\/\/feilebheagfiliochta.com\/draft\/wp-content\/uploads\/2021\/10\/john-spillane-concert.jpg 1024w\" sizes=\"auto, (max-width: 730px) 100vw, 730px\" \/><\/a><\/figure>\n\n\n\n<figure class=\"wp-block-gallery has-nested-images columns-default is-cropped wp-block-gallery-1 is-layout-flex wp-block-gallery-is-layout-flex\">\n<figure class=\"wp-block-image size-large\"><a href=\"http:\/\/feilebheagfiliochta.com\/draft\/wp-content\/uploads\/2021\/10\/An-Fheile-Bheag-Filiochta-2021-1.jpg\" data-lightbox=\"gal[208]\"><img loading=\"lazy\" decoding=\"async\" width=\"483\" height=\"1024\" data-id=\"871\" src=\"http:\/\/feilebheagfiliochta.com\/draft\/wp-content\/uploads\/2021\/10\/An-Fheile-Bheag-Filiochta-2021-1-483x1024.jpg\" alt=\"\" class=\"wp-image-871\" srcset=\"http:\/\/feilebheagfiliochta.com\/draft\/wp-content\/uploads\/2021\/10\/An-Fheile-Bheag-Filiochta-2021-1-483x1024.jpg 483w, http:\/\/feilebheagfiliochta.com\/draft\/wp-content\/uploads\/2021\/10\/An-Fheile-Bheag-Filiochta-2021-1-141x300.jpg 141w, http:\/\/feilebheagfiliochta.com\/draft\/wp-content\/uploads\/2021\/10\/An-Fheile-Bheag-Filiochta-2021-1-768x1629.jpg 768w, http:\/\/feilebheagfiliochta.com\/draft\/wp-content\/uploads\/2021\/10\/An-Fheile-Bheag-Filiochta-2021-1-724x1536.jpg 724w, http:\/\/feilebheagfiliochta.com\/draft\/wp-content\/uploads\/2021\/10\/An-Fheile-Bheag-Filiochta-2021-1-965x2048.jpg 965w, http:\/\/feilebheagfiliochta.com\/draft\/wp-content\/uploads\/2021\/10\/An-Fheile-Bheag-Filiochta-2021-1-546x1158.jpg 546w, http:\/\/feilebheagfiliochta.com\/draft\/wp-content\/uploads\/2021\/10\/An-Fheile-Bheag-Filiochta-2021-1.jpg 1169w\" sizes=\"auto, (max-width: 483px) 100vw, 483px\" \/><\/a><\/figure>\n\n\n\n<figure class=\"wp-block-image size-large\"><a href=\"http:\/\/feilebheagfiliochta.com\/draft\/wp-content\/uploads\/2021\/10\/An-Fheile-Bheag-Filiochta-2021-4.jpg\" data-lightbox=\"gal[208]\"><img loading=\"lazy\" decoding=\"async\" width=\"483\" height=\"1024\" data-id=\"872\" src=\"http:\/\/feilebheagfiliochta.com\/draft\/wp-content\/uploads\/2021\/10\/An-Fheile-Bheag-Filiochta-2021-4-483x1024.jpg\" alt=\"\" class=\"wp-image-872\" srcset=\"http:\/\/feilebheagfiliochta.com\/draft\/wp-content\/uploads\/2021\/10\/An-Fheile-Bheag-Filiochta-2021-4-483x1024.jpg 483w, http:\/\/feilebheagfiliochta.com\/draft\/wp-content\/uploads\/2021\/10\/An-Fheile-Bheag-Filiochta-2021-4-141x300.jpg 141w, http:\/\/feilebheagfiliochta.com\/draft\/wp-content\/uploads\/2021\/10\/An-Fheile-Bheag-Filiochta-2021-4-768x1629.jpg 768w, http:\/\/feilebheagfiliochta.com\/draft\/wp-content\/uploads\/2021\/10\/An-Fheile-Bheag-Filiochta-2021-4-724x1536.jpg 724w, http:\/\/feilebheagfiliochta.com\/draft\/wp-content\/uploads\/2021\/10\/An-Fheile-Bheag-Filiochta-2021-4-965x2048.jpg 965w, http:\/\/feilebheagfiliochta.com\/draft\/wp-content\/uploads\/2021\/10\/An-Fheile-Bheag-Filiochta-2021-4-546x1158.jpg 546w, http:\/\/feilebheagfiliochta.com\/draft\/wp-content\/uploads\/2021\/10\/An-Fheile-Bheag-Filiochta-2021-4.jpg 1169w\" sizes=\"auto, (max-width: 483px) 100vw, 483px\" \/><\/a><\/figure>\n\n\n\n<figure class=\"wp-block-image size-large\"><a href=\"http:\/\/feilebheagfiliochta.com\/draft\/wp-content\/uploads\/2021\/10\/An-Fheile-Bheag-Filiochta-2021-5.jpg\" data-lightbox=\"gal[208]\"><img loading=\"lazy\" decoding=\"async\" width=\"483\" height=\"1024\" data-id=\"873\" src=\"http:\/\/feilebheagfiliochta.com\/draft\/wp-content\/uploads\/2021\/10\/An-Fheile-Bheag-Filiochta-2021-5-483x1024.jpg\" alt=\"\" class=\"wp-image-873\" srcset=\"http:\/\/feilebheagfiliochta.com\/draft\/wp-content\/uploads\/2021\/10\/An-Fheile-Bheag-Filiochta-2021-5-483x1024.jpg 483w, http:\/\/feilebheagfiliochta.com\/draft\/wp-content\/uploads\/2021\/10\/An-Fheile-Bheag-Filiochta-2021-5-141x300.jpg 141w, http:\/\/feilebheagfiliochta.com\/draft\/wp-content\/uploads\/2021\/10\/An-Fheile-Bheag-Filiochta-2021-5-768x1629.jpg 768w, http:\/\/feilebheagfiliochta.com\/draft\/wp-content\/uploads\/2021\/10\/An-Fheile-Bheag-Filiochta-2021-5-724x1536.jpg 724w, http:\/\/feilebheagfiliochta.com\/draft\/wp-content\/uploads\/2021\/10\/An-Fheile-Bheag-Filiochta-2021-5-965x2048.jpg 965w, http:\/\/feilebheagfiliochta.com\/draft\/wp-content\/uploads\/2021\/10\/An-Fheile-Bheag-Filiochta-2021-5-546x1158.jpg 546w, http:\/\/feilebheagfiliochta.com\/draft\/wp-content\/uploads\/2021\/10\/An-Fheile-Bheag-Filiochta-2021-5.jpg 1169w\" sizes=\"auto, (max-width: 483px) 100vw, 483px\" \/><\/a><\/figure>\n\n\n\n<figure class=\"wp-block-image size-large\"><a href=\"http:\/\/feilebheagfiliochta.com\/draft\/wp-content\/uploads\/2021\/10\/An-Fheile-Bheag-Filiochta-2021-6.jpg\" data-lightbox=\"gal[208]\"><img loading=\"lazy\" decoding=\"async\" width=\"483\" height=\"1024\" data-id=\"874\" src=\"http:\/\/feilebheagfiliochta.com\/draft\/wp-content\/uploads\/2021\/10\/An-Fheile-Bheag-Filiochta-2021-6-483x1024.jpg\" alt=\"\" class=\"wp-image-874\" srcset=\"http:\/\/feilebheagfiliochta.com\/draft\/wp-content\/uploads\/2021\/10\/An-Fheile-Bheag-Filiochta-2021-6-483x1024.jpg 483w, http:\/\/feilebheagfiliochta.com\/draft\/wp-content\/uploads\/2021\/10\/An-Fheile-Bheag-Filiochta-2021-6-141x300.jpg 141w, http:\/\/feilebheagfiliochta.com\/draft\/wp-content\/uploads\/2021\/10\/An-Fheile-Bheag-Filiochta-2021-6-768x1629.jpg 768w, http:\/\/feilebheagfiliochta.com\/draft\/wp-content\/uploads\/2021\/10\/An-Fheile-Bheag-Filiochta-2021-6-724x1536.jpg 724w, http:\/\/feilebheagfiliochta.com\/draft\/wp-content\/uploads\/2021\/10\/An-Fheile-Bheag-Filiochta-2021-6-965x2048.jpg 965w, http:\/\/feilebheagfiliochta.com\/draft\/wp-content\/uploads\/2021\/10\/An-Fheile-Bheag-Filiochta-2021-6-546x1158.jpg 546w, http:\/\/feilebheagfiliochta.com\/draft\/wp-content\/uploads\/2021\/10\/An-Fheile-Bheag-Filiochta-2021-6.jpg 1169w\" sizes=\"auto, (max-width: 483px) 100vw, 483px\" \/><\/a><\/figure>\n\n\n\n<figure class=\"wp-block-image size-large\"><a href=\"http:\/\/feilebheagfiliochta.com\/draft\/wp-content\/uploads\/2021\/10\/An-Fheile-Bheag-Filiochta-2021-7.jpg\" data-lightbox=\"gal[208]\"><img loading=\"lazy\" decoding=\"async\" width=\"483\" height=\"1024\" data-id=\"876\" src=\"http:\/\/feilebheagfiliochta.com\/draft\/wp-content\/uploads\/2021\/10\/An-Fheile-Bheag-Filiochta-2021-7-483x1024.jpg\" alt=\"\" class=\"wp-image-876\" srcset=\"http:\/\/feilebheagfiliochta.com\/draft\/wp-content\/uploads\/2021\/10\/An-Fheile-Bheag-Filiochta-2021-7-483x1024.jpg 483w, http:\/\/feilebheagfiliochta.com\/draft\/wp-content\/uploads\/2021\/10\/An-Fheile-Bheag-Filiochta-2021-7-141x300.jpg 141w, http:\/\/feilebheagfiliochta.com\/draft\/wp-content\/uploads\/2021\/10\/An-Fheile-Bheag-Filiochta-2021-7-768x1629.jpg 768w, http:\/\/feilebheagfiliochta.com\/draft\/wp-content\/uploads\/2021\/10\/An-Fheile-Bheag-Filiochta-2021-7-724x1536.jpg 724w, http:\/\/feilebheagfiliochta.com\/draft\/wp-content\/uploads\/2021\/10\/An-Fheile-Bheag-Filiochta-2021-7-965x2048.jpg 965w, http:\/\/feilebheagfiliochta.com\/draft\/wp-content\/uploads\/2021\/10\/An-Fheile-Bheag-Filiochta-2021-7-546x1158.jpg 546w, http:\/\/feilebheagfiliochta.com\/draft\/wp-content\/uploads\/2021\/10\/An-Fheile-Bheag-Filiochta-2021-7.jpg 1169w\" sizes=\"auto, (max-width: 483px) 100vw, 483px\" \/><\/a><\/figure>\n\n\n\n<figure class=\"wp-block-image size-large\"><a href=\"http:\/\/feilebheagfiliochta.com\/draft\/wp-content\/uploads\/2021\/10\/An-Fheile-Bheag-Filiochta-2021-8.jpg\" data-lightbox=\"gal[208]\"><img loading=\"lazy\" decoding=\"async\" width=\"483\" height=\"1024\" data-id=\"877\" src=\"http:\/\/feilebheagfiliochta.com\/draft\/wp-content\/uploads\/2021\/10\/An-Fheile-Bheag-Filiochta-2021-8-483x1024.jpg\" alt=\"\" class=\"wp-image-877\" srcset=\"http:\/\/feilebheagfiliochta.com\/draft\/wp-content\/uploads\/2021\/10\/An-Fheile-Bheag-Filiochta-2021-8-483x1024.jpg 483w, http:\/\/feilebheagfiliochta.com\/draft\/wp-content\/uploads\/2021\/10\/An-Fheile-Bheag-Filiochta-2021-8-141x300.jpg 141w, http:\/\/feilebheagfiliochta.com\/draft\/wp-content\/uploads\/2021\/10\/An-Fheile-Bheag-Filiochta-2021-8-768x1629.jpg 768w, http:\/\/feilebheagfiliochta.com\/draft\/wp-content\/uploads\/2021\/10\/An-Fheile-Bheag-Filiochta-2021-8-724x1536.jpg 724w, http:\/\/feilebheagfiliochta.com\/draft\/wp-content\/uploads\/2021\/10\/An-Fheile-Bheag-Filiochta-2021-8-965x2048.jpg 965w, http:\/\/feilebheagfiliochta.com\/draft\/wp-content\/uploads\/2021\/10\/An-Fheile-Bheag-Filiochta-2021-8-546x1158.jpg 546w, http:\/\/feilebheagfiliochta.com\/draft\/wp-content\/uploads\/2021\/10\/An-Fheile-Bheag-Filiochta-2021-8.jpg 1169w\" sizes=\"auto, (max-width: 483px) 100vw, 483px\" \/><\/a><\/figure>\n<\/figure>\n\n\n\n<h2 class=\"wp-block-heading\">L\u00e9acht na F\u00e9ile\/ Festival Lecture<\/h2>\n\n\n\n<p>Fil\u00ed na Mumhan agus Corra\u00edl an Chonchais 1550-1650 &#8211; An Dr. Deirdre Nic Ch\u00e1rthaigh &#8211; Ollscoill Mhaigh Nuadh<\/p>\n\n\n\n<p><strong>Aoine 5\u00fa, \u00c1ras Bhr\u00e9anainn, 20:00u<\/strong>\/ Friday 5th in \u00c1ras Bhr\u00e9anainn\/ Translation service available <\/p>\n\n\n\n<figure class=\"wp-block-image size-large\"><a href=\"http:\/\/feilebheagfiliochta.com\/draft\/wp-content\/uploads\/2021\/10\/leacht-na-feile.jpg\" data-lightbox=\"gal[208]\"><img loading=\"lazy\" decoding=\"async\" width=\"824\" height=\"1024\" src=\"http:\/\/feilebheagfiliochta.com\/draft\/wp-content\/uploads\/2021\/10\/leacht-na-feile-824x1024.jpg\" alt=\"\" class=\"wp-image-861\" srcset=\"http:\/\/feilebheagfiliochta.com\/draft\/wp-content\/uploads\/2021\/10\/leacht-na-feile-824x1024.jpg 824w, http:\/\/feilebheagfiliochta.com\/draft\/wp-content\/uploads\/2021\/10\/leacht-na-feile-241x300.jpg 241w, http:\/\/feilebheagfiliochta.com\/draft\/wp-content\/uploads\/2021\/10\/leacht-na-feile-768x955.jpg 768w, http:\/\/feilebheagfiliochta.com\/draft\/wp-content\/uploads\/2021\/10\/leacht-na-feile-546x679.jpg 546w, http:\/\/feilebheagfiliochta.com\/draft\/wp-content\/uploads\/2021\/10\/leacht-na-feile.jpg 1169w\" sizes=\"auto, (max-width: 824px) 100vw, 824px\" \/><\/a><\/figure>\n\n\n\n<p><\/p>\n\n\n\n\n\n<figure class=\"wp-block-image size-large\"><a href=\"http:\/\/feilebheagfiliochta.com\/draft\/wp-content\/uploads\/2021\/10\/cartlann-nua.jpg\" data-lightbox=\"gal[208]\"><img loading=\"lazy\" decoding=\"async\" width=\"696\" height=\"1024\" src=\"http:\/\/feilebheagfiliochta.com\/draft\/wp-content\/uploads\/2021\/10\/cartlann-nua-696x1024.jpg\" alt=\"Cartlann na FBF - seoladh f\u00f3gra\" class=\"wp-image-712\" srcset=\"http:\/\/feilebheagfiliochta.com\/draft\/wp-content\/uploads\/2021\/10\/cartlann-nua-696x1024.jpg 696w, http:\/\/feilebheagfiliochta.com\/draft\/wp-content\/uploads\/2021\/10\/cartlann-nua-204x300.jpg 204w, http:\/\/feilebheagfiliochta.com\/draft\/wp-content\/uploads\/2021\/10\/cartlann-nua-546x803.jpg 546w, http:\/\/feilebheagfiliochta.com\/draft\/wp-content\/uploads\/2021\/10\/cartlann-nua.jpg 714w\" sizes=\"auto, (max-width: 696px) 100vw, 696px\" \/><\/a><\/figure>\n\n\n\n<p style=\"font-size:30px\">Programme F\u00e9ile Bheag Fil\u00edochta 2021<\/p>\n\n\n\n<figure class=\"wp-block-image\"><img loading=\"lazy\" decoding=\"async\" width=\"800\" height=\"193\" src=\"http:\/\/feilebheagfiliochta.com\/draft\/wp-content\/uploads\/2018\/10\/banner2.png\" alt=\"\" class=\"wp-image-335\" srcset=\"http:\/\/feilebheagfiliochta.com\/draft\/wp-content\/uploads\/2018\/10\/banner2.png 800w, http:\/\/feilebheagfiliochta.com\/draft\/wp-content\/uploads\/2018\/10\/banner2-300x72.png 300w, http:\/\/feilebheagfiliochta.com\/draft\/wp-content\/uploads\/2018\/10\/banner2-768x185.png 768w, http:\/\/feilebheagfiliochta.com\/draft\/wp-content\/uploads\/2018\/10\/banner2-546x132.png 546w\" sizes=\"auto, (max-width: 800px) 100vw, 800px\" \/><\/figure>\n","protected":false},"excerpt":{"rendered":"<p>An Fh\u00e9ile Bheag Fil\u00edochta 2022 Eagr\u00e1n Ceili\u00fartha Mh\u00e1ire Mhac an tSaoi D\u00e9 hAoine, 11 Samhain 2022 \u00c1ras Bhr\u00e9anainn, Baile an Fheirt\u00e9araigh 17.00 Seoladh suite\u00e1l Scann\u00e1in \u201c\u00c1ine; M\u00e1ire; R\u00edonach\u201d le Siobh\u00e1n N\u00ed Dhuinn\u00edn Saor Is l\u00e9iri\u00fa \u00e9 seo do thr\u00ed ghearrscann\u00e1n ina bhfuil p\u00e1irt ag M\u00e1ire N\u00ed Ch\u00e9illeachair, \u00c1ine Moynihan, agus R\u00edonach N\u00ed N\u00e9il. Tugann na scann\u00e1in seo l\u00e9argas d\u00fainn ar thri\u00fair bhan. D\u00edr\u00edonn siad ar an dt\u00e1bhacht a bhaineann le h\u00e1iteanna faoi leith, a roghnaigh na heala\u00edont\u00f3ir\u00ed f\u00e9in. Tugann na gluaiseachta\u00ed leochaileacha at\u00e1 fite fuaite ina ch\u00e9ile, stracfh\u00e9achaint d\u00fainn ar an gceird ar leith at\u00e1 ag an tri\u00far eala\u00edont\u00f3ir. An [&hellip;]<\/p>\n","protected":false},"author":1,"featured_media":917,"parent":0,"menu_order":0,"comment_status":"closed","ping_status":"closed","template":"template-fullwidth.php","meta":{"footnotes":""},"class_list":["post-208","page","type-page","status-publish","has-post-thumbnail","hentry"],"_links":{"self":[{"href":"http:\/\/feilebheagfiliochta.com\/index.php\/wp-json\/wp\/v2\/pages\/208","targetHints":{"allow":["GET"]}}],"collection":[{"href":"http:\/\/feilebheagfiliochta.com\/index.php\/wp-json\/wp\/v2\/pages"}],"about":[{"href":"http:\/\/feilebheagfiliochta.com\/index.php\/wp-json\/wp\/v2\/types\/page"}],"author":[{"embeddable":true,"href":"http:\/\/feilebheagfiliochta.com\/index.php\/wp-json\/wp\/v2\/users\/1"}],"replies":[{"embeddable":true,"href":"http:\/\/feilebheagfiliochta.com\/index.php\/wp-json\/wp\/v2\/comments?post=208"}],"version-history":[{"count":19,"href":"http:\/\/feilebheagfiliochta.com\/index.php\/wp-json\/wp\/v2\/pages\/208\/revisions"}],"predecessor-version":[{"id":915,"href":"http:\/\/feilebheagfiliochta.com\/index.php\/wp-json\/wp\/v2\/pages\/208\/revisions\/915"}],"wp:featuredmedia":[{"embeddable":true,"href":"http:\/\/feilebheagfiliochta.com\/index.php\/wp-json\/wp\/v2\/media\/917"}],"wp:attachment":[{"href":"http:\/\/feilebheagfiliochta.com\/index.php\/wp-json\/wp\/v2\/media?parent=208"}],"curies":[{"name":"wp","href":"https:\/\/api.w.org\/{rel}","templated":true}]}}